{"id":3,"date":"2020-03-06T11:05:43","date_gmt":"2020-03-06T11:05:43","guid":{"rendered":"https:\/\/www.merkachina.com\/?page_id=3"},"modified":"2022-01-25T15:24:19","modified_gmt":"2022-01-25T15:24:19","slug":"politica-de-privacidad","status":"publish","type":"page","link":"https:\/\/www.merkachina.com\/index.php\/politica-de-privacidad\/","title":{"rendered":"politica de privacidad"},"content":{"rendered":"<p><br>QUE SON LAS COOKIES<br>Las cookies son peque\u00f1os archivos&nbsp; que hace referencia a una informaci\u00f3n enviada por un sitio web y almacenada en el navegador del usuario, se utilizan para que el sitio web funcione con mayor eficacia. Dentro de las funciones de las cookies est\u00e1 recolectar informaci\u00f3n sobre las preferencias del usuario y recordarla, tambi\u00e9n facilitar la navegaci\u00f3n del sitio web.<br>Utilizamos cookies pora mejorar el rendimiento del nuestro sitio web<br>TIPOS DE COOKIES<br>Cookies t\u00e9cnicas<\/p><p>Las cookies t\u00e9cnicas son las que permiten al usuario navegar por una p\u00e1gina web, sitio online o aplicaci\u00f3n y utilizar sus servicios o funciones, como por ejemplo acceder a zonas restringidas, recordar los elementos de un carrito, realizar el proceso de inscripci\u00f3n, almacenar contenidos para la difusi\u00f3n de v\u00eddeos, etc.<\/p><p>Cookies de an\u00e1lisis<\/p><p>Las&nbsp;cookies anal\u00edticas&nbsp;se utilizan para determinar el uso de un sitio, pueden rastrear a un usuario individual, pero solo en la medida en que permitan a los usuarios viajar a trav\u00e9s del sitio. No se utilizan para segmentar anuncios, como si hacen el siguiente tipo de cookies.&nbsp;<a href=\"https:\/\/developers.google.com\/analytics\/devguides\/collection\/analyticsjs\/cookie-usage\" target=\"_blank\" rel=\"noreferrer noopener\">https:\/\/developers.google.com\/analytics\/devguides\/collection\/analyticsjs\/cookie-usage<\/a><\/p><p>Cookies publicitarias<\/p><p>Son las cookies dise\u00f1adas espec\u00edficamente para reunir informaci\u00f3n de ti en tu dispositivo de visualizaci\u00f3n de anuncios para enviarte publicidad en base a los temas relevantes que te interesan (podr\u00edamos decir que entre los diferentes&nbsp;tipos de cookies, son cookies para vender).<\/p><p>Los anunciantes colocar\u00e1n estos tipos de cookies en un sitio web con el permiso del operador del sitio web. La informaci\u00f3n que las cookies recopilan sobre ti se puede compartir con otros anunciantes para mejorar el rendimiento de sus anuncios.<\/p><p>Adem\u00e1s, otro objetivo de las cookies publicitarias es acumular los visitantes al sitio web para reunir estad\u00edsticas en el desempe\u00f1o de anuncios que pueden aparecer en muchos sitios web.<\/p><p>Estas cookies son casi siempre&nbsp;cookies persistentes de terceros. Esto significa que las cookies pueden seguir al usuario mientras visita otros sitios web. A veces, el sitio con las cookies de publicidad no muestra los anuncios, pero muestran anuncios en otro lugar.<\/p><p>Los&nbsp;ejemplos de cookies&nbsp;de orientaci\u00f3n y publicidad incluyen cookies de redes sociales que se colocan en sitios para rastrear a los usuarios en la web para proporcionarles anuncios en las plataformas de redes sociales.<\/p><p>C\u00f3mo evitar el uso de cookies<\/p><p>Puede evitar el uso de cookies modificando la configuraci\u00f3n del explorador. Si acepta el uso de cookies pero desea activarlo posteriormente, puede eliminar las cookies establecidas y modificar la configuraci\u00f3n de su explorador para bloquearlas en un futuro. Si desea obtener m\u00e1s informaci\u00f3n acerca del control de cookies, visite.<\/p><p><a href=\"http:\/\/www.allaboutcookies.org\/\" target=\"_blank\" rel=\"noreferrer noopener\">www.allaboutcookies.org<\/a><\/p><p><a href=\"http:\/\/www.cnil.fr\/\" target=\"_blank\" rel=\"noreferrer noopener\">www.cnil.fr<\/a><\/p><p><a href=\"http:\/\/support.microsoft.com\/\" target=\"_blank\" rel=\"noreferrer noopener\">support.microsoft.com<\/a><\/p><p><a href=\"http:\/\/support.mozilla.org\/\" target=\"_blank\" rel=\"noreferrer noopener\">support.mozilla.org<\/a><\/p><p><a href=\"http:\/\/support.google.com\/\" target=\"_blank\" rel=\"noreferrer noopener\">support.google.com<\/a><\/p><p>Estas p\u00e1ginas web ofrecen informaci\u00f3n para configurar la mayor\u00eda de los exploradores.<\/p><p>C\u00f3mo desactivar las cookies an\u00f3nimas de Google Analytics: puede instalar el \u201cplug-in\u201d de Google Analytics en el explorador para evitar que el sitio web env\u00ede informaci\u00f3n de sus visitas a Google Analytics. Para obtener m\u00e1s informaci\u00f3n, visite:&nbsp;<a href=\"https:\/\/www.google.es\/intl\/es\/policies\/privacy\/\" target=\"_blank\" rel=\"noreferrer noopener\">https:\/\/www.google.es\/intl\/es\/policies\/privacy\/<\/a><\/p><p>IMPORTANTE: Las cookies se utilizan con el objetivo de mejorar o habilitar la usabilidad y los procesos de nuestro sitio web. El hecho de deshabilitar o eliminar cookies puede impedir que los usuarios puedan utilizar las funciones del sitio web o puede hacer que este funcione en el explorador de un modo distinto al dise\u00f1ado inicialmente.<\/p><p><\/p>","protected":false},"excerpt":{"rendered":"<p>QUE SON LAS COOKIESLas cookies son peque\u00f1os archivos&nbsp; que hace referencia a una informaci\u00f3n enviada por un sitio web y almacenada en el navegador del usuario, se utilizan para que el sitio web funcione con mayor eficacia. Dentro de las funciones de las cookies est\u00e1 recolectar informaci\u00f3n sobre las preferencias del usuario y recordarla, tambi\u00e9n [&hellip;]<\/p>\n","protected":false},"author":1,"featured_media":0,"parent":0,"menu_order":0,"comment_status":"closed","ping_status":"open","template":"","meta":{"site-sidebar-layout":"default","site-content-layout":"","ast-site-content-layout":"","site-content-style":"default","site-sidebar-style":"default","ast-global-header-display":"","ast-banner-title-visibility":"","ast-main-header-display":"","ast-hfb-above-header-display":"","ast-hfb-below-header-display":"","ast-hfb-mobile-header-display":"","site-post-title":"","ast-breadcrumbs-content":"","ast-featured-img":"","footer-sml-layout":"","theme-transparent-header-meta":"","adv-header-id-meta":"","stick-header-meta":"","header-above-stick-meta":"","header-main-stick-meta":"","header-below-stick-meta":"","astra-migrate-meta-layouts":"default","ast-page-background-enabled":"default","ast-page-background-meta":{"desktop":{"background-color":"var(--ast-global-color-4)","background-image":"","background-repeat":"repeat","background-position":"center center","background-size":"auto","background-attachment":"scroll","background-type":"","background-media":"","overlay-type":"","overlay-color":"","overlay-opacity":"","overlay-gradient":""},"tablet":{"background-color":"","background-image":"","background-repeat":"repeat","background-position":"center center","background-size":"auto","background-attachment":"scroll","background-type":"","background-media":"","overlay-type":"","overlay-color":"","overlay-opacity":"","overlay-gradient":""},"mobile":{"background-color":"","background-image":"","background-repeat":"repeat","background-position":"center center","background-size":"auto","background-attachment":"scroll","background-type":"","background-media":"","overlay-type":"","overlay-color":"","overlay-opacity":"","overlay-gradient":""}},"ast-content-background-meta":{"desktop":{"background-color":"var(--ast-global-color-5)","background-image":"","background-repeat":"repeat","background-position":"center center","background-size":"auto","background-attachment":"scroll","background-type":"","background-media":"","overlay-type":"","overlay-color":"","overlay-opacity":"","overlay-gradient":""},"tablet":{"background-color":"var(--ast-global-color-5)","background-image":"","background-repeat":"repeat","background-position":"center center","background-size":"auto","background-attachment":"scroll","background-type":"","background-media":"","overlay-type":"","overlay-color":"","overlay-opacity":"","overlay-gradient":""},"mobile":{"background-color":"var(--ast-global-color-5)","background-image":"","background-repeat":"repeat","background-position":"center center","background-size":"auto","background-attachment":"scroll","background-type":"","background-media":"","overlay-type":"","overlay-color":"","overlay-opacity":"","overlay-gradient":""}},"footnotes":""},"class_list":["post-3","page","type-page","status-publish","hentry"],"yoast_head":"<!-- This site is optimized with the Yoast SEO plugin v23.4 - https:\/\/yoast.com\/wordpress\/plugins\/seo\/ -->\n<title>politica de privacidad - Bazar chino merkachina<\/title>\n<meta name=\"robots\" content=\"noindex, nofollow\" \/>\n<meta property=\"og:locale\" content=\"es_ES\" \/>\n<meta property=\"og:type\" content=\"article\" \/>\n<meta property=\"og:title\" content=\"politica de privacidad - Bazar chino merkachina\" \/>\n<meta property=\"og:description\" content=\"QUE SON LAS COOKIESLas cookies son peque\u00f1os archivos&nbsp; que hace referencia a una informaci\u00f3n enviada por un sitio web y almacenada en el navegador del usuario, se utilizan para que el sitio web funcione con mayor eficacia. Dentro de las funciones de las cookies est\u00e1 recolectar informaci\u00f3n sobre las preferencias del usuario y recordarla, tambi\u00e9n [&hellip;]\" \/>\n<meta property=\"og:url\" content=\"https:\/\/www.merkachina.com\/index.php\/politica-de-privacidad\/\" \/>\n<meta property=\"og:site_name\" content=\"Bazar chino merkachina\" \/>\n<meta property=\"article:modified_time\" content=\"2022-01-25T15:24:19+00:00\" \/>\n<meta name=\"twitter:card\" content=\"summary_large_image\" \/>\n<meta name=\"twitter:label1\" content=\"Tiempo de lectura\" \/>\n\t<meta name=\"twitter:data1\" content=\"3 minutos\" \/>\n<script type=\"application\/ld+json\" class=\"yoast-schema-graph\">{\"@context\":\"https:\/\/schema.org\",\"@graph\":[{\"@type\":\"WebPage\",\"@id\":\"https:\/\/www.merkachina.com\/index.php\/politica-de-privacidad\/\",\"url\":\"https:\/\/www.merkachina.com\/index.php\/politica-de-privacidad\/\",\"name\":\"politica de privacidad - Bazar chino merkachina\",\"isPartOf\":{\"@id\":\"https:\/\/www.merkachina.com\/#website\"},\"datePublished\":\"2020-03-06T11:05:43+00:00\",\"dateModified\":\"2022-01-25T15:24:19+00:00\",\"breadcrumb\":{\"@id\":\"https:\/\/www.merkachina.com\/index.php\/politica-de-privacidad\/#breadcrumb\"},\"inLanguage\":\"es\",\"potentialAction\":[{\"@type\":\"ReadAction\",\"target\":[\"https:\/\/www.merkachina.com\/index.php\/politica-de-privacidad\/\"]}]},{\"@type\":\"BreadcrumbList\",\"@id\":\"https:\/\/www.merkachina.com\/index.php\/politica-de-privacidad\/#breadcrumb\",\"itemListElement\":[{\"@type\":\"ListItem\",\"position\":1,\"name\":\"Portada\",\"item\":\"https:\/\/www.merkachina.com\/\"},{\"@type\":\"ListItem\",\"position\":2,\"name\":\"politica de privacidad\"}]},{\"@type\":\"WebSite\",\"@id\":\"https:\/\/www.merkachina.com\/#website\",\"url\":\"https:\/\/www.merkachina.com\/\",\"name\":\"Bazar chino merkachina\",\"description\":\"donostia San sebastian\",\"publisher\":{\"@id\":\"https:\/\/www.merkachina.com\/#organization\"},\"potentialAction\":[{\"@type\":\"SearchAction\",\"target\":{\"@type\":\"EntryPoint\",\"urlTemplate\":\"https:\/\/www.merkachina.com\/?s={search_term_string}\"},\"query-input\":{\"@type\":\"PropertyValueSpecification\",\"valueRequired\":true,\"valueName\":\"search_term_string\"}}],\"inLanguage\":\"es\"},{\"@type\":\"Organization\",\"@id\":\"https:\/\/www.merkachina.com\/#organization\",\"name\":\"Bazar chino merkachina\",\"url\":\"https:\/\/www.merkachina.com\/\",\"logo\":{\"@type\":\"ImageObject\",\"inLanguage\":\"es\",\"@id\":\"https:\/\/www.merkachina.com\/#\/schema\/logo\/image\/\",\"url\":\"https:\/\/www.merkachina.com\/wp-content\/uploads\/2020\/03\/cropped-Screenshot_20200306-223730_Video-Player-e1583532922646.jpg\",\"contentUrl\":\"https:\/\/www.merkachina.com\/wp-content\/uploads\/2020\/03\/cropped-Screenshot_20200306-223730_Video-Player-e1583532922646.jpg\",\"width\":512,\"height\":170,\"caption\":\"Bazar chino merkachina\"},\"image\":{\"@id\":\"https:\/\/www.merkachina.com\/#\/schema\/logo\/image\/\"}}]}<\/script>\n<!-- \/ Yoast SEO plugin. -->","yoast_head_json":{"title":"politica de privacidad - Bazar chino merkachina","robots":{"index":"noindex","follow":"nofollow"},"og_locale":"es_ES","og_type":"article","og_title":"politica de privacidad - Bazar chino merkachina","og_description":"QUE SON LAS COOKIESLas cookies son peque\u00f1os archivos&nbsp; que hace referencia a una informaci\u00f3n enviada por un sitio web y almacenada en el navegador del usuario, se utilizan para que el sitio web funcione con mayor eficacia. Dentro de las funciones de las cookies est\u00e1 recolectar informaci\u00f3n sobre las preferencias del usuario y recordarla, tambi\u00e9n [&hellip;]","og_url":"https:\/\/www.merkachina.com\/index.php\/politica-de-privacidad\/","og_site_name":"Bazar chino merkachina","article_modified_time":"2022-01-25T15:24:19+00:00","twitter_card":"summary_large_image","twitter_misc":{"Tiempo de lectura":"3 minutos"},"schema":{"@context":"https:\/\/schema.org","@graph":[{"@type":"WebPage","@id":"https:\/\/www.merkachina.com\/index.php\/politica-de-privacidad\/","url":"https:\/\/www.merkachina.com\/index.php\/politica-de-privacidad\/","name":"politica de privacidad - Bazar chino merkachina","isPartOf":{"@id":"https:\/\/www.merkachina.com\/#website"},"datePublished":"2020-03-06T11:05:43+00:00","dateModified":"2022-01-25T15:24:19+00:00","breadcrumb":{"@id":"https:\/\/www.merkachina.com\/index.php\/politica-de-privacidad\/#breadcrumb"},"inLanguage":"es","potentialAction":[{"@type":"ReadAction","target":["https:\/\/www.merkachina.com\/index.php\/politica-de-privacidad\/"]}]},{"@type":"BreadcrumbList","@id":"https:\/\/www.merkachina.com\/index.php\/politica-de-privacidad\/#breadcrumb","itemListElement":[{"@type":"ListItem","position":1,"name":"Portada","item":"https:\/\/www.merkachina.com\/"},{"@type":"ListItem","position":2,"name":"politica de privacidad"}]},{"@type":"WebSite","@id":"https:\/\/www.merkachina.com\/#website","url":"https:\/\/www.merkachina.com\/","name":"Bazar chino merkachina","description":"donostia San sebastian","publisher":{"@id":"https:\/\/www.merkachina.com\/#organization"},"potentialAction":[{"@type":"SearchAction","target":{"@type":"EntryPoint","urlTemplate":"https:\/\/www.merkachina.com\/?s={search_term_string}"},"query-input":{"@type":"PropertyValueSpecification","valueRequired":true,"valueName":"search_term_string"}}],"inLanguage":"es"},{"@type":"Organization","@id":"https:\/\/www.merkachina.com\/#organization","name":"Bazar chino merkachina","url":"https:\/\/www.merkachina.com\/","logo":{"@type":"ImageObject","inLanguage":"es","@id":"https:\/\/www.merkachina.com\/#\/schema\/logo\/image\/","url":"https:\/\/www.merkachina.com\/wp-content\/uploads\/2020\/03\/cropped-Screenshot_20200306-223730_Video-Player-e1583532922646.jpg","contentUrl":"https:\/\/www.merkachina.com\/wp-content\/uploads\/2020\/03\/cropped-Screenshot_20200306-223730_Video-Player-e1583532922646.jpg","width":512,"height":170,"caption":"Bazar chino merkachina"},"image":{"@id":"https:\/\/www.merkachina.com\/#\/schema\/logo\/image\/"}}]}},"_links":{"self":[{"href":"https:\/\/www.merkachina.com\/index.php\/wp-json\/wp\/v2\/pages\/3"}],"collection":[{"href":"https:\/\/www.merkachina.com\/index.php\/wp-json\/wp\/v2\/pages"}],"about":[{"href":"https:\/\/www.merkachina.com\/index.php\/wp-json\/wp\/v2\/types\/page"}],"author":[{"embeddable":true,"href":"https:\/\/www.merkachina.com\/index.php\/wp-json\/wp\/v2\/users\/1"}],"replies":[{"embeddable":true,"href":"https:\/\/www.merkachina.com\/index.php\/wp-json\/wp\/v2\/comments?post=3"}],"version-history":[{"count":2,"href":"https:\/\/www.merkachina.com\/index.php\/wp-json\/wp\/v2\/pages\/3\/revisions"}],"predecessor-version":[{"id":883,"href":"https:\/\/www.merkachina.com\/index.php\/wp-json\/wp\/v2\/pages\/3\/revisions\/883"}],"wp:attachment":[{"href":"https:\/\/www.merkachina.com\/index.php\/wp-json\/wp\/v2\/media?parent=3"}],"curies":[{"name":"wp","href":"https:\/\/api.w.org\/{rel}","templated":true}]}}