{"id":351,"date":"2020-03-24T14:42:31","date_gmt":"2020-03-24T14:42:31","guid":{"rendered":"https:\/\/www.merkachina.com\/?page_id=351"},"modified":"2020-04-13T14:02:56","modified_gmt":"2020-04-13T14:02:56","slug":"cajas-de-carton","status":"publish","type":"page","link":"https:\/\/www.merkachina.com\/index.php\/cajas-de-carton\/","title":{"rendered":"CAJAS DE CARTON"},"content":{"rendered":"<div class=\"wp-block-media-text alignwide is-stacked-on-mobile is-vertically-aligned-center\" style=\"grid-template-columns:33% auto\"><figure class=\"wp-block-media-text__media\"><img loading=\"lazy\" decoding=\"async\" width=\"455\" height=\"455\" src=\"https:\/\/www.merkachina.com\/wp-content\/uploads\/2020\/03\/caja-de-carton-con-tapa-1.jpg\" alt=\"Caja desmontable para guardar todo tipo de art\u00edculos, caja de Carton, caja de embalaje, caja de cart\u00f3n con tapa.\" class=\"wp-image-362\" srcset=\"https:\/\/www.merkachina.com\/wp-content\/uploads\/2020\/03\/caja-de-carton-con-tapa-1.jpg 455w, https:\/\/www.merkachina.com\/wp-content\/uploads\/2020\/03\/caja-de-carton-con-tapa-1-300x300.jpg 300w, https:\/\/www.merkachina.com\/wp-content\/uploads\/2020\/03\/caja-de-carton-con-tapa-1-150x150.jpg 150w, https:\/\/www.merkachina.com\/wp-content\/uploads\/2020\/03\/caja-de-carton-con-tapa-1-100x100.jpg 100w\" sizes=\"(max-width: 455px) 100vw, 455px\" \/><\/figure><div class=\"wp-block-media-text__content\"><p class=\"has-text-align-center has-medium-font-size\">Caja de cart\u00f3n para embalaje con tapa, automontable multiuso con asas para facilitar el transporte. Disponible en 4 medidas <\/p><\/div><\/div><div class=\"wp-block-media-text alignwide is-stacked-on-mobile is-vertically-aligned-center\" style=\"grid-template-columns:36% auto\"><figure class=\"wp-block-media-text__media\"><img loading=\"lazy\" decoding=\"async\" width=\"455\" height=\"455\" src=\"https:\/\/www.merkachina.com\/wp-content\/uploads\/2020\/03\/caja-de-carton-1.jpg\" alt=\"Caja de cart\u00f3n para embalaje, caja de cart\u00f3n para trasteros, caja de cart\u00f3n para guardar juguetes, caja para guardar todo tipo de art\u00edculos, cajas grandes para guardar\" class=\"wp-image-356\" srcset=\"https:\/\/www.merkachina.com\/wp-content\/uploads\/2020\/03\/caja-de-carton-1.jpg 455w, https:\/\/www.merkachina.com\/wp-content\/uploads\/2020\/03\/caja-de-carton-1-300x300.jpg 300w, https:\/\/www.merkachina.com\/wp-content\/uploads\/2020\/03\/caja-de-carton-1-150x150.jpg 150w, https:\/\/www.merkachina.com\/wp-content\/uploads\/2020\/03\/caja-de-carton-1-100x100.jpg 100w\" sizes=\"(max-width: 455px) 100vw, 455px\" \/><\/figure><div class=\"wp-block-media-text__content\"><p class=\"has-medium-font-size\">Caja de cart\u00f3n pr\u00e1ctica para mudanzas, envios o guardar todo tipo de art\u00edculos. Disponible en diferentes presentaciones.<\/p><\/div><\/div><div class=\"wp-block-media-text alignwide is-stacked-on-mobile is-vertically-aligned-center\" style=\"grid-template-columns:30% auto\"><figure class=\"wp-block-media-text__media\"><img loading=\"lazy\" decoding=\"async\" width=\"608\" height=\"415\" src=\"https:\/\/www.merkachina.com\/wp-content\/uploads\/2020\/03\/20200324_152122.jpg\" alt=\"Platico burbuja para embalar, pl\u00e1stico burbuja para trasteos, papel burbuja, platico burbuja en bazar chino \" class=\"wp-image-421\" srcset=\"https:\/\/www.merkachina.com\/wp-content\/uploads\/2020\/03\/20200324_152122.jpg 608w, https:\/\/www.merkachina.com\/wp-content\/uploads\/2020\/03\/20200324_152122-300x205.jpg 300w, https:\/\/www.merkachina.com\/wp-content\/uploads\/2020\/03\/20200324_152122-600x410.jpg 600w\" sizes=\"(max-width: 608px) 100vw, 608px\" \/><\/figure><div class=\"wp-block-media-text__content\"><p class=\"has-text-align-center has-medium-font-size\">pl\u00e1stico burbuja ideal para embalar en trasteos y objetos delicados para almacenar. Disponible en diferentes medidas.<\/p><\/div><\/div><div class=\"wp-block-media-text alignwide is-stacked-on-mobile\" style=\"grid-template-columns:30% auto\"><figure class=\"wp-block-media-text__media\"><img loading=\"lazy\" decoding=\"async\" width=\"455\" height=\"455\" src=\"https:\/\/www.merkachina.com\/wp-content\/uploads\/2020\/03\/papel-kraft.jpg\" alt=\"Papel kraft para embalar, papel kraft bazar chino, papel para guardar, papel para empacar todo tipo de art\u00edculos, papel embolber objetos. \" class=\"wp-image-428\" srcset=\"https:\/\/www.merkachina.com\/wp-content\/uploads\/2020\/03\/papel-kraft.jpg 455w, https:\/\/www.merkachina.com\/wp-content\/uploads\/2020\/03\/papel-kraft-300x300.jpg 300w, https:\/\/www.merkachina.com\/wp-content\/uploads\/2020\/03\/papel-kraft-150x150.jpg 150w, https:\/\/www.merkachina.com\/wp-content\/uploads\/2020\/03\/papel-kraft-100x100.jpg 100w\" sizes=\"(max-width: 455px) 100vw, 455px\" \/><\/figure><div class=\"wp-block-media-text__content\"><p class=\"has-text-align-center has-medium-font-size\">papel kraft para embalar, cubrir objetos, pintar,decorar, etc. Disponible en diferentes medidas <\/p><\/div><\/div><div class=\"wp-block-media-text alignwide is-stacked-on-mobile is-vertically-aligned-center\" style=\"grid-template-columns:32% auto\"><figure class=\"wp-block-media-text__media\"><img loading=\"lazy\" decoding=\"async\" width=\"455\" height=\"455\" src=\"https:\/\/www.merkachina.com\/wp-content\/uploads\/2020\/03\/precinto-transparente.jpg\" alt=\"Cinta transparente gruesa para embalar,cinta gruesa bazar chino, cinta transparente para trabajos manuales, cinta transparente para la industria \" class=\"wp-image-427\" srcset=\"https:\/\/www.merkachina.com\/wp-content\/uploads\/2020\/03\/precinto-transparente.jpg 455w, https:\/\/www.merkachina.com\/wp-content\/uploads\/2020\/03\/precinto-transparente-300x300.jpg 300w, https:\/\/www.merkachina.com\/wp-content\/uploads\/2020\/03\/precinto-transparente-150x150.jpg 150w, https:\/\/www.merkachina.com\/wp-content\/uploads\/2020\/03\/precinto-transparente-100x100.jpg 100w\" sizes=\"(max-width: 455px) 100vw, 455px\" \/><\/figure><div class=\"wp-block-media-text__content\"><p class=\"has-text-align-center has-medium-font-size\">cinta transparente gruesa para embalar, tambi\u00e9n. Para uso industrial, viene en distintas medidas.<\/p><\/div><\/div><div class=\"wp-block-media-text alignwide is-stacked-on-mobile\" style=\"grid-template-columns:36% auto\"><figure class=\"wp-block-media-text__media\"><img loading=\"lazy\" decoding=\"async\" width=\"455\" height=\"455\" src=\"https:\/\/www.merkachina.com\/wp-content\/uploads\/2020\/03\/precinto-marron.jpg\" alt=\"Cinta para embalar bazar chino, presinto, celo, cinta caf\u00e9, cinta de embalar marr\u00f3n, presinto marr\u00f3n  \" class=\"wp-image-439\" srcset=\"https:\/\/www.merkachina.com\/wp-content\/uploads\/2020\/03\/precinto-marron.jpg 455w, https:\/\/www.merkachina.com\/wp-content\/uploads\/2020\/03\/precinto-marron-300x300.jpg 300w, https:\/\/www.merkachina.com\/wp-content\/uploads\/2020\/03\/precinto-marron-150x150.jpg 150w, https:\/\/www.merkachina.com\/wp-content\/uploads\/2020\/03\/precinto-marron-100x100.jpg 100w\" sizes=\"(max-width: 455px) 100vw, 455px\" \/><\/figure><div class=\"wp-block-media-text__content\"><p class=\"has-text-align-center has-medium-font-size\">Cinta marr\u00f3n para embalar, tambi\u00e9n usada tambi\u00e9n en la industria. Se tiene en dos presentaci\u00f3n <\/p><\/div><\/div><div class=\"wp-block-image\"><figure class=\"aligncenter size-full is-resized\"><a href=\"https:\/\/www.merkachina.com\/wp-content\/uploads\/2020\/03\/gif-amo\u00f1a.gif\"><img loading=\"lazy\" decoding=\"async\" src=\"https:\/\/www.merkachina.com\/wp-content\/uploads\/2020\/03\/gif-merkachina.gif\" alt=\"Bazar chino merka China, chino donostia, chino San Sebasti\u00e1n, pl\u00e1sticos, fiestas, cumplea\u00f1os, iluminaci\u00f3n, ferreter\u00eda, decoraci\u00f3n, mascotas, manteles, \" class=\"wp-image-444\" width=\"1000\" height=\"90\"\/><\/a><\/figure><\/div><p><\/p>","protected":false},"excerpt":{"rendered":"<p>Caja de cart\u00f3n para embalaje con tapa, automontable multiuso con asas para facilitar el transporte. Disponible en 4 medidas Caja de cart\u00f3n pr\u00e1ctica para mudanzas, envios o guardar todo tipo de art\u00edculos. Disponible en diferentes presentaciones. pl\u00e1stico burbuja ideal para embalar en trasteos y objetos delicados para almacenar. Disponible en diferentes medidas. papel kraft para [&hellip;]<\/p>\n","protected":false},"author":1,"featured_media":0,"parent":0,"menu_order":0,"comment_status":"closed","ping_status":"closed","template":"","meta":{"site-sidebar-layout":"default","site-content-layout":"","ast-site-content-layout":"","site-content-style":"default","site-sidebar-style":"default","ast-global-header-display":"","ast-banner-title-visibility":"","ast-main-header-display":"","ast-hfb-above-header-display":"","ast-hfb-below-header-display":"","ast-hfb-mobile-header-display":"","site-post-title":"","ast-breadcrumbs-content":"","ast-featured-img":"","footer-sml-layout":"","theme-transparent-header-meta":"","adv-header-id-meta":"","stick-header-meta":"","header-above-stick-meta":"","header-main-stick-meta":"","header-below-stick-meta":"","astra-migrate-meta-layouts":"default","ast-page-background-enabled":"default","ast-page-background-meta":{"desktop":{"background-color":"var(--ast-global-color-4)","background-image":"","background-repeat":"repeat","background-position":"center center","background-size":"auto","background-attachment":"scroll","background-type":"","background-media":"","overlay-type":"","overlay-color":"","overlay-opacity":"","overlay-gradient":""},"tablet":{"background-color":"","background-image":"","background-repeat":"repeat","background-position":"center center","background-size":"auto","background-attachment":"scroll","background-type":"","background-media":"","overlay-type":"","overlay-color":"","overlay-opacity":"","overlay-gradient":""},"mobile":{"background-color":"","background-image":"","background-repeat":"repeat","background-position":"center center","background-size":"auto","background-attachment":"scroll","background-type":"","background-media":"","overlay-type":"","overlay-color":"","overlay-opacity":"","overlay-gradient":""}},"ast-content-background-meta":{"desktop":{"background-color":"var(--ast-global-color-5)","background-image":"","background-repeat":"repeat","background-position":"center center","background-size":"auto","background-attachment":"scroll","background-type":"","background-media":"","overlay-type":"","overlay-color":"","overlay-opacity":"","overlay-gradient":""},"tablet":{"background-color":"var(--ast-global-color-5)","background-image":"","background-repeat":"repeat","background-position":"center center","background-size":"auto","background-attachment":"scroll","background-type":"","background-media":"","overlay-type":"","overlay-color":"","overlay-opacity":"","overlay-gradient":""},"mobile":{"background-color":"var(--ast-global-color-5)","background-image":"","background-repeat":"repeat","background-position":"center center","background-size":"auto","background-attachment":"scroll","background-type":"","background-media":"","overlay-type":"","overlay-color":"","overlay-opacity":"","overlay-gradient":""}},"footnotes":""},"class_list":["post-351","page","type-page","status-publish","hentry"],"yoast_head":"<!-- This site is optimized with the Yoast SEO plugin v23.4 - https:\/\/yoast.com\/wordpress\/plugins\/seo\/ -->\n<title>CAJAS DE CARTON - Bazar chino merkachina<\/title>\n<meta name=\"robots\" content=\"index, follow, max-snippet:-1, max-image-preview:large, max-video-preview:-1\" \/>\n<link rel=\"canonical\" href=\"https:\/\/www.merkachina.com\/index.php\/cajas-de-carton\/\" \/>\n<meta property=\"og:locale\" content=\"es_ES\" \/>\n<meta property=\"og:type\" content=\"article\" \/>\n<meta property=\"og:title\" content=\"CAJAS DE CARTON - Bazar chino merkachina\" \/>\n<meta property=\"og:description\" content=\"Caja de cart\u00f3n para embalaje con tapa, automontable multiuso con asas para facilitar el transporte. Disponible en 4 medidas Caja de cart\u00f3n pr\u00e1ctica para mudanzas, envios o guardar todo tipo de art\u00edculos. Disponible en diferentes presentaciones. pl\u00e1stico burbuja ideal para embalar en trasteos y objetos delicados para almacenar. Disponible en diferentes medidas. papel kraft para [&hellip;]\" \/>\n<meta property=\"og:url\" content=\"https:\/\/www.merkachina.com\/index.php\/cajas-de-carton\/\" \/>\n<meta property=\"og:site_name\" content=\"Bazar chino merkachina\" \/>\n<meta property=\"article:modified_time\" content=\"2020-04-13T14:02:56+00:00\" \/>\n<meta property=\"og:image\" content=\"https:\/\/www.merkachina.com\/wp-content\/uploads\/2020\/03\/caja-de-carton-con-tapa-1.jpg\" \/>\n<meta name=\"twitter:card\" content=\"summary_large_image\" \/>\n<meta name=\"twitter:label1\" content=\"Tiempo de lectura\" \/>\n\t<meta name=\"twitter:data1\" content=\"1 minuto\" \/>\n<script type=\"application\/ld+json\" class=\"yoast-schema-graph\">{\"@context\":\"https:\/\/schema.org\",\"@graph\":[{\"@type\":\"WebPage\",\"@id\":\"https:\/\/www.merkachina.com\/index.php\/cajas-de-carton\/\",\"url\":\"https:\/\/www.merkachina.com\/index.php\/cajas-de-carton\/\",\"name\":\"CAJAS DE CARTON - Bazar chino merkachina\",\"isPartOf\":{\"@id\":\"https:\/\/www.merkachina.com\/#website\"},\"primaryImageOfPage\":{\"@id\":\"https:\/\/www.merkachina.com\/index.php\/cajas-de-carton\/#primaryimage\"},\"image\":{\"@id\":\"https:\/\/www.merkachina.com\/index.php\/cajas-de-carton\/#primaryimage\"},\"thumbnailUrl\":\"https:\/\/www.merkachina.com\/wp-content\/uploads\/2020\/03\/caja-de-carton-con-tapa-1.jpg\",\"datePublished\":\"2020-03-24T14:42:31+00:00\",\"dateModified\":\"2020-04-13T14:02:56+00:00\",\"breadcrumb\":{\"@id\":\"https:\/\/www.merkachina.com\/index.php\/cajas-de-carton\/#breadcrumb\"},\"inLanguage\":\"es\",\"potentialAction\":[{\"@type\":\"ReadAction\",\"target\":[\"https:\/\/www.merkachina.com\/index.php\/cajas-de-carton\/\"]}]},{\"@type\":\"ImageObject\",\"inLanguage\":\"es\",\"@id\":\"https:\/\/www.merkachina.com\/index.php\/cajas-de-carton\/#primaryimage\",\"url\":\"https:\/\/www.merkachina.com\/wp-content\/uploads\/2020\/03\/caja-de-carton-con-tapa-1.jpg\",\"contentUrl\":\"https:\/\/www.merkachina.com\/wp-content\/uploads\/2020\/03\/caja-de-carton-con-tapa-1.jpg\",\"width\":455,\"height\":455,\"caption\":\"Caja de cart\u00f3n con tapa\"},{\"@type\":\"BreadcrumbList\",\"@id\":\"https:\/\/www.merkachina.com\/index.php\/cajas-de-carton\/#breadcrumb\",\"itemListElement\":[{\"@type\":\"ListItem\",\"position\":1,\"name\":\"Portada\",\"item\":\"https:\/\/www.merkachina.com\/\"},{\"@type\":\"ListItem\",\"position\":2,\"name\":\"CAJAS DE CARTON\"}]},{\"@type\":\"WebSite\",\"@id\":\"https:\/\/www.merkachina.com\/#website\",\"url\":\"https:\/\/www.merkachina.com\/\",\"name\":\"Bazar chino merkachina\",\"description\":\"donostia San sebastian\",\"publisher\":{\"@id\":\"https:\/\/www.merkachina.com\/#organization\"},\"potentialAction\":[{\"@type\":\"SearchAction\",\"target\":{\"@type\":\"EntryPoint\",\"urlTemplate\":\"https:\/\/www.merkachina.com\/?s={search_term_string}\"},\"query-input\":{\"@type\":\"PropertyValueSpecification\",\"valueRequired\":true,\"valueName\":\"search_term_string\"}}],\"inLanguage\":\"es\"},{\"@type\":\"Organization\",\"@id\":\"https:\/\/www.merkachina.com\/#organization\",\"name\":\"Bazar chino merkachina\",\"url\":\"https:\/\/www.merkachina.com\/\",\"logo\":{\"@type\":\"ImageObject\",\"inLanguage\":\"es\",\"@id\":\"https:\/\/www.merkachina.com\/#\/schema\/logo\/image\/\",\"url\":\"https:\/\/www.merkachina.com\/wp-content\/uploads\/2020\/03\/cropped-Screenshot_20200306-223730_Video-Player-e1583532922646.jpg\",\"contentUrl\":\"https:\/\/www.merkachina.com\/wp-content\/uploads\/2020\/03\/cropped-Screenshot_20200306-223730_Video-Player-e1583532922646.jpg\",\"width\":512,\"height\":170,\"caption\":\"Bazar chino merkachina\"},\"image\":{\"@id\":\"https:\/\/www.merkachina.com\/#\/schema\/logo\/image\/\"}}]}<\/script>\n<!-- \/ Yoast SEO plugin. -->","yoast_head_json":{"title":"CAJAS DE CARTON - Bazar chino merkachina","robots":{"index":"index","follow":"follow","max-snippet":"max-snippet:-1","max-image-preview":"max-image-preview:large","max-video-preview":"max-video-preview:-1"},"canonical":"https:\/\/www.merkachina.com\/index.php\/cajas-de-carton\/","og_locale":"es_ES","og_type":"article","og_title":"CAJAS DE CARTON - Bazar chino merkachina","og_description":"Caja de cart\u00f3n para embalaje con tapa, automontable multiuso con asas para facilitar el transporte. Disponible en 4 medidas Caja de cart\u00f3n pr\u00e1ctica para mudanzas, envios o guardar todo tipo de art\u00edculos. Disponible en diferentes presentaciones. pl\u00e1stico burbuja ideal para embalar en trasteos y objetos delicados para almacenar. Disponible en diferentes medidas. papel kraft para [&hellip;]","og_url":"https:\/\/www.merkachina.com\/index.php\/cajas-de-carton\/","og_site_name":"Bazar chino merkachina","article_modified_time":"2020-04-13T14:02:56+00:00","og_image":[{"url":"https:\/\/www.merkachina.com\/wp-content\/uploads\/2020\/03\/caja-de-carton-con-tapa-1.jpg"}],"twitter_card":"summary_large_image","twitter_misc":{"Tiempo de lectura":"1 minuto"},"schema":{"@context":"https:\/\/schema.org","@graph":[{"@type":"WebPage","@id":"https:\/\/www.merkachina.com\/index.php\/cajas-de-carton\/","url":"https:\/\/www.merkachina.com\/index.php\/cajas-de-carton\/","name":"CAJAS DE CARTON - Bazar chino merkachina","isPartOf":{"@id":"https:\/\/www.merkachina.com\/#website"},"primaryImageOfPage":{"@id":"https:\/\/www.merkachina.com\/index.php\/cajas-de-carton\/#primaryimage"},"image":{"@id":"https:\/\/www.merkachina.com\/index.php\/cajas-de-carton\/#primaryimage"},"thumbnailUrl":"https:\/\/www.merkachina.com\/wp-content\/uploads\/2020\/03\/caja-de-carton-con-tapa-1.jpg","datePublished":"2020-03-24T14:42:31+00:00","dateModified":"2020-04-13T14:02:56+00:00","breadcrumb":{"@id":"https:\/\/www.merkachina.com\/index.php\/cajas-de-carton\/#breadcrumb"},"inLanguage":"es","potentialAction":[{"@type":"ReadAction","target":["https:\/\/www.merkachina.com\/index.php\/cajas-de-carton\/"]}]},{"@type":"ImageObject","inLanguage":"es","@id":"https:\/\/www.merkachina.com\/index.php\/cajas-de-carton\/#primaryimage","url":"https:\/\/www.merkachina.com\/wp-content\/uploads\/2020\/03\/caja-de-carton-con-tapa-1.jpg","contentUrl":"https:\/\/www.merkachina.com\/wp-content\/uploads\/2020\/03\/caja-de-carton-con-tapa-1.jpg","width":455,"height":455,"caption":"Caja de cart\u00f3n con tapa"},{"@type":"BreadcrumbList","@id":"https:\/\/www.merkachina.com\/index.php\/cajas-de-carton\/#breadcrumb","itemListElement":[{"@type":"ListItem","position":1,"name":"Portada","item":"https:\/\/www.merkachina.com\/"},{"@type":"ListItem","position":2,"name":"CAJAS DE CARTON"}]},{"@type":"WebSite","@id":"https:\/\/www.merkachina.com\/#website","url":"https:\/\/www.merkachina.com\/","name":"Bazar chino merkachina","description":"donostia San sebastian","publisher":{"@id":"https:\/\/www.merkachina.com\/#organization"},"potentialAction":[{"@type":"SearchAction","target":{"@type":"EntryPoint","urlTemplate":"https:\/\/www.merkachina.com\/?s={search_term_string}"},"query-input":{"@type":"PropertyValueSpecification","valueRequired":true,"valueName":"search_term_string"}}],"inLanguage":"es"},{"@type":"Organization","@id":"https:\/\/www.merkachina.com\/#organization","name":"Bazar chino merkachina","url":"https:\/\/www.merkachina.com\/","logo":{"@type":"ImageObject","inLanguage":"es","@id":"https:\/\/www.merkachina.com\/#\/schema\/logo\/image\/","url":"https:\/\/www.merkachina.com\/wp-content\/uploads\/2020\/03\/cropped-Screenshot_20200306-223730_Video-Player-e1583532922646.jpg","contentUrl":"https:\/\/www.merkachina.com\/wp-content\/uploads\/2020\/03\/cropped-Screenshot_20200306-223730_Video-Player-e1583532922646.jpg","width":512,"height":170,"caption":"Bazar chino merkachina"},"image":{"@id":"https:\/\/www.merkachina.com\/#\/schema\/logo\/image\/"}}]}},"_links":{"self":[{"href":"https:\/\/www.merkachina.com\/index.php\/wp-json\/wp\/v2\/pages\/351"}],"collection":[{"href":"https:\/\/www.merkachina.com\/index.php\/wp-json\/wp\/v2\/pages"}],"about":[{"href":"https:\/\/www.merkachina.com\/index.php\/wp-json\/wp\/v2\/types\/page"}],"author":[{"embeddable":true,"href":"https:\/\/www.merkachina.com\/index.php\/wp-json\/wp\/v2\/users\/1"}],"replies":[{"embeddable":true,"href":"https:\/\/www.merkachina.com\/index.php\/wp-json\/wp\/v2\/comments?post=351"}],"version-history":[{"count":69,"href":"https:\/\/www.merkachina.com\/index.php\/wp-json\/wp\/v2\/pages\/351\/revisions"}],"predecessor-version":[{"id":488,"href":"https:\/\/www.merkachina.com\/index.php\/wp-json\/wp\/v2\/pages\/351\/revisions\/488"}],"wp:attachment":[{"href":"https:\/\/www.merkachina.com\/index.php\/wp-json\/wp\/v2\/media?parent=351"}],"curies":[{"name":"wp","href":"https:\/\/api.w.org\/{rel}","templated":true}]}}