{"id":672,"date":"2020-06-07T22:21:17","date_gmt":"2020-06-07T22:21:17","guid":{"rendered":"https:\/\/www.merkachina.com\/?page_id=672"},"modified":"2020-06-10T06:21:57","modified_gmt":"2020-06-10T06:21:57","slug":"papeleras-bano","status":"publish","type":"page","link":"https:\/\/www.merkachina.com\/index.php\/papeleras-bano\/","title":{"rendered":"Papeleras ba\u00f1o"},"content":{"rendered":"<p class=\"has-text-align-center\">C\u00f3modas papeleras de ba\u00f1o con pedal autom\u00e1tico, con hermosos colores y gran dise\u00f1o para el toque de elegancia en tu espacio. PROMOCION \u2b07\ufe0f<\/p><h2 class=\"has-text-align-center wp-block-heading\"><strong>Papelera de ba\u00f1o con pedal <\/strong><\/h2><div class=\"wp-block-image\"><figure class=\"aligncenter size-large is-resized\"><img loading=\"lazy\" decoding=\"async\" src=\"https:\/\/www.merkachina.com\/wp-content\/uploads\/2020\/06\/Papelera-de-ba\u00f1o.jpg\" alt=\"Papeleras met\u00e1lica con dibujos de p\u00e1jaros y ramas \" class=\"wp-image-673\" width=\"433\" height=\"816\" srcset=\"https:\/\/www.merkachina.com\/wp-content\/uploads\/2020\/06\/Papelera-de-ba\u00f1o.jpg 464w, https:\/\/www.merkachina.com\/wp-content\/uploads\/2020\/06\/Papelera-de-ba\u00f1o-159x300.jpg 159w\" sizes=\"(max-width: 433px) 100vw, 433px\" \/><\/figure><\/div><p class=\"has-text-align-center has-medium-font-size\">PRECIO  16.50 EUROS<\/p><p class=\"has-text-align-center has-large-font-size\">Ll\u00e9valo a 8.25 con el c\u00f3digo promocional \u2b07\ufe0f<\/p><p class=\"has-text-align-center\">Papelera met\u00e1lica redonda con dise\u00f1o de ramas y p\u00e1jaros, de color blanco tapa color plateado.<\/p><p class=\"has-text-align-center\">Dise\u00f1o que te permite hacer uso de el sin necesidad de tocar la tapa gracias a mecanismo de pedal para levantar la tapa.<\/p><h2 class=\"has-text-align-center wp-block-heading\">PROMOCION PAPELERA DE BA\u00d1O <\/h2><p class=\"has-text-align-center\">Aprovecha nuestra promoci\u00f3n del un descuento del 50% en la papelera de ba\u00f1o presentando el c\u00f3digo promocional que encontrar\u00e1s en la parte final de la p\u00e1gina <\/p><p>Especificaciones:<\/p><p>Capacidad          5L<\/p><p>Altura                  27.5 x 20 cm<\/p><p>Color                     blanco con im\u00e1genes de ramas y pajaros <\/p><p>Material              met\u00e1lico <\/p><div class=\"wp-block-image\"><figure class=\"aligncenter size-large is-resized\"><img loading=\"lazy\" decoding=\"async\" src=\"https:\/\/www.merkachina.com\/wp-content\/uploads\/2020\/06\/Cubo-de-ba\u00f1o-con-pedal-739x1024.jpg\" alt=\"Cubo de ba\u00f1o con figuras de p\u00e1jaros y ramas\" class=\"wp-image-675\" width=\"216\" height=\"299\" srcset=\"https:\/\/www.merkachina.com\/wp-content\/uploads\/2020\/06\/Cubo-de-ba\u00f1o-con-pedal-739x1024.jpg 739w, https:\/\/www.merkachina.com\/wp-content\/uploads\/2020\/06\/Cubo-de-ba\u00f1o-con-pedal-216x300.jpg 216w, https:\/\/www.merkachina.com\/wp-content\/uploads\/2020\/06\/Cubo-de-ba\u00f1o-con-pedal-768x1064.jpg 768w, https:\/\/www.merkachina.com\/wp-content\/uploads\/2020\/06\/Cubo-de-ba\u00f1o-con-pedal-600x831.jpg 600w, https:\/\/www.merkachina.com\/wp-content\/uploads\/2020\/06\/Cubo-de-ba\u00f1o-con-pedal.jpg 832w\" sizes=\"(max-width: 216px) 100vw, 216px\" \/><\/figure><\/div><p><\/p><p class=\"has-medium-font-size\"><strong><em>NOTA<\/em><\/strong> <\/p><p class=\"has-text-align-center\">Este producto solo est\u00e1 disponible para venta directa en nuestra tienda de Herrera San Sebasti\u00e1n-donostia Espa\u00f1a.<\/p><p class=\"has-text-align-center has-large-font-size\">CODIGO PROMOCIONAL <\/p><p class=\"has-text-align-center has-large-font-size\">MERK94592<\/p><p class=\"has-text-align-center\">Con este c\u00f3digo promocional podr\u00e1s acercarte a nuestra tienda para un descuento del 50% en este producto ( papelera de ba\u00f1o con pedal ). <\/p><p class=\"has-text-align-center\">Este c\u00f3digo MERK94592 solo aplica para este art\u00edculo.<\/p><p class=\"has-text-align-center\">Te dejamos nuestra ubicacion para que nos encuentres por medio de Google Maps con mayor facilidad <\/p><p style=\"text-align: center;\"><iframe loading=\"lazy\" style=\"border: 0;\" src=\"https:\/\/www.google.com\/maps\/embed?pb=!1m18!1m12!1m3!1d2902.8886865107784!2d-1.9436174850058447!3d43.31658958215053!2m3!1f0!2f0!3f0!3m2!1i1024!2i768!4f13.1!3m3!1m2!1s0xd51a5865d35a4a5%3A0xe6188669ee084c31!2sMerka%20China!5e0!3m2!1ses!2ses!4v1583849225964!5m2!1ses!2ses\" width=\"300\" height=\"300\" frameborder=\"0\" allowfullscreen=\"allowfullscreen\"><\/iframe><\/p>","protected":false},"excerpt":{"rendered":"<p>C\u00f3modas papeleras de ba\u00f1o con pedal autom\u00e1tico, con hermosos colores y gran dise\u00f1o para el toque de elegancia en tu espacio. PROMOCION \u2b07\ufe0f Papelera de ba\u00f1o con pedal PRECIO 16.50 EUROS Ll\u00e9valo a 8.25 con el c\u00f3digo promocional \u2b07\ufe0f Papelera met\u00e1lica redonda con dise\u00f1o de ramas y p\u00e1jaros, de color blanco tapa color plateado. Dise\u00f1o [&hellip;]<\/p>\n","protected":false},"author":1,"featured_media":0,"parent":0,"menu_order":0,"comment_status":"closed","ping_status":"closed","template":"","meta":{"site-sidebar-layout":"default","site-content-layout":"","ast-site-content-layout":"","site-content-style":"default","site-sidebar-style":"default","ast-global-header-display":"","ast-banner-title-visibility":"","ast-main-header-display":"","ast-hfb-above-header-display":"","ast-hfb-below-header-display":"","ast-hfb-mobile-header-display":"","site-post-title":"","ast-breadcrumbs-content":"","ast-featured-img":"","footer-sml-layout":"","theme-transparent-header-meta":"","adv-header-id-meta":"","stick-header-meta":"","header-above-stick-meta":"","header-main-stick-meta":"","header-below-stick-meta":"","astra-migrate-meta-layouts":"default","ast-page-background-enabled":"default","ast-page-background-meta":{"desktop":{"background-color":"var(--ast-global-color-4)","background-image":"","background-repeat":"repeat","background-position":"center center","background-size":"auto","background-attachment":"scroll","background-type":"","background-media":"","overlay-type":"","overlay-color":"","overlay-opacity":"","overlay-gradient":""},"tablet":{"background-color":"","background-image":"","background-repeat":"repeat","background-position":"center center","background-size":"auto","background-attachment":"scroll","background-type":"","background-media":"","overlay-type":"","overlay-color":"","overlay-opacity":"","overlay-gradient":""},"mobile":{"background-color":"","background-image":"","background-repeat":"repeat","background-position":"center center","background-size":"auto","background-attachment":"scroll","background-type":"","background-media":"","overlay-type":"","overlay-color":"","overlay-opacity":"","overlay-gradient":""}},"ast-content-background-meta":{"desktop":{"background-color":"var(--ast-global-color-5)","background-image":"","background-repeat":"repeat","background-position":"center center","background-size":"auto","background-attachment":"scroll","background-type":"","background-media":"","overlay-type":"","overlay-color":"","overlay-opacity":"","overlay-gradient":""},"tablet":{"background-color":"var(--ast-global-color-5)","background-image":"","background-repeat":"repeat","background-position":"center center","background-size":"auto","background-attachment":"scroll","background-type":"","background-media":"","overlay-type":"","overlay-color":"","overlay-opacity":"","overlay-gradient":""},"mobile":{"background-color":"var(--ast-global-color-5)","background-image":"","background-repeat":"repeat","background-position":"center center","background-size":"auto","background-attachment":"scroll","background-type":"","background-media":"","overlay-type":"","overlay-color":"","overlay-opacity":"","overlay-gradient":""}},"footnotes":""},"class_list":["post-672","page","type-page","status-publish","hentry"],"yoast_head":"<!-- This site is optimized with the Yoast SEO plugin v23.4 - https:\/\/yoast.com\/wordpress\/plugins\/seo\/ -->\n<title>Papeleras ba\u00f1o - Bazar chino merkachina<\/title>\n<meta name=\"robots\" content=\"index, follow, max-snippet:-1, max-image-preview:large, max-video-preview:-1\" \/>\n<link rel=\"canonical\" href=\"https:\/\/www.merkachina.com\/index.php\/papeleras-bano\/\" \/>\n<meta property=\"og:locale\" content=\"es_ES\" \/>\n<meta property=\"og:type\" content=\"article\" \/>\n<meta property=\"og:title\" content=\"Papeleras ba\u00f1o - Bazar chino merkachina\" \/>\n<meta property=\"og:description\" content=\"C\u00f3modas papeleras de ba\u00f1o con pedal autom\u00e1tico, con hermosos colores y gran dise\u00f1o para el toque de elegancia en tu espacio. PROMOCION \u2b07\ufe0f Papelera de ba\u00f1o con pedal PRECIO 16.50 EUROS Ll\u00e9valo a 8.25 con el c\u00f3digo promocional \u2b07\ufe0f Papelera met\u00e1lica redonda con dise\u00f1o de ramas y p\u00e1jaros, de color blanco tapa color plateado. Dise\u00f1o [&hellip;]\" \/>\n<meta property=\"og:url\" content=\"https:\/\/www.merkachina.com\/index.php\/papeleras-bano\/\" \/>\n<meta property=\"og:site_name\" content=\"Bazar chino merkachina\" \/>\n<meta property=\"article:modified_time\" content=\"2020-06-10T06:21:57+00:00\" \/>\n<meta property=\"og:image\" content=\"https:\/\/www.merkachina.com\/wp-content\/uploads\/2020\/06\/Papelera-de-ba\u00f1o.jpg\" \/>\n<meta name=\"twitter:card\" content=\"summary_large_image\" \/>\n<meta name=\"twitter:label1\" content=\"Tiempo de lectura\" \/>\n\t<meta name=\"twitter:data1\" content=\"1 minuto\" \/>\n<script type=\"application\/ld+json\" class=\"yoast-schema-graph\">{\"@context\":\"https:\/\/schema.org\",\"@graph\":[{\"@type\":\"WebPage\",\"@id\":\"https:\/\/www.merkachina.com\/index.php\/papeleras-bano\/\",\"url\":\"https:\/\/www.merkachina.com\/index.php\/papeleras-bano\/\",\"name\":\"Papeleras ba\u00f1o - Bazar chino merkachina\",\"isPartOf\":{\"@id\":\"https:\/\/www.merkachina.com\/#website\"},\"datePublished\":\"2020-06-07T22:21:17+00:00\",\"dateModified\":\"2020-06-10T06:21:57+00:00\",\"breadcrumb\":{\"@id\":\"https:\/\/www.merkachina.com\/index.php\/papeleras-bano\/#breadcrumb\"},\"inLanguage\":\"es\",\"potentialAction\":[{\"@type\":\"ReadAction\",\"target\":[\"https:\/\/www.merkachina.com\/index.php\/papeleras-bano\/\"]}]},{\"@type\":\"BreadcrumbList\",\"@id\":\"https:\/\/www.merkachina.com\/index.php\/papeleras-bano\/#breadcrumb\",\"itemListElement\":[{\"@type\":\"ListItem\",\"position\":1,\"name\":\"Portada\",\"item\":\"https:\/\/www.merkachina.com\/\"},{\"@type\":\"ListItem\",\"position\":2,\"name\":\"Papeleras ba\u00f1o\"}]},{\"@type\":\"WebSite\",\"@id\":\"https:\/\/www.merkachina.com\/#website\",\"url\":\"https:\/\/www.merkachina.com\/\",\"name\":\"Bazar chino merkachina\",\"description\":\"donostia San sebastian\",\"publisher\":{\"@id\":\"https:\/\/www.merkachina.com\/#organization\"},\"potentialAction\":[{\"@type\":\"SearchAction\",\"target\":{\"@type\":\"EntryPoint\",\"urlTemplate\":\"https:\/\/www.merkachina.com\/?s={search_term_string}\"},\"query-input\":{\"@type\":\"PropertyValueSpecification\",\"valueRequired\":true,\"valueName\":\"search_term_string\"}}],\"inLanguage\":\"es\"},{\"@type\":\"Organization\",\"@id\":\"https:\/\/www.merkachina.com\/#organization\",\"name\":\"Bazar chino merkachina\",\"url\":\"https:\/\/www.merkachina.com\/\",\"logo\":{\"@type\":\"ImageObject\",\"inLanguage\":\"es\",\"@id\":\"https:\/\/www.merkachina.com\/#\/schema\/logo\/image\/\",\"url\":\"https:\/\/www.merkachina.com\/wp-content\/uploads\/2020\/03\/cropped-Screenshot_20200306-223730_Video-Player-e1583532922646.jpg\",\"contentUrl\":\"https:\/\/www.merkachina.com\/wp-content\/uploads\/2020\/03\/cropped-Screenshot_20200306-223730_Video-Player-e1583532922646.jpg\",\"width\":512,\"height\":170,\"caption\":\"Bazar chino merkachina\"},\"image\":{\"@id\":\"https:\/\/www.merkachina.com\/#\/schema\/logo\/image\/\"}}]}<\/script>\n<!-- \/ Yoast SEO plugin. -->","yoast_head_json":{"title":"Papeleras ba\u00f1o - Bazar chino merkachina","robots":{"index":"index","follow":"follow","max-snippet":"max-snippet:-1","max-image-preview":"max-image-preview:large","max-video-preview":"max-video-preview:-1"},"canonical":"https:\/\/www.merkachina.com\/index.php\/papeleras-bano\/","og_locale":"es_ES","og_type":"article","og_title":"Papeleras ba\u00f1o - Bazar chino merkachina","og_description":"C\u00f3modas papeleras de ba\u00f1o con pedal autom\u00e1tico, con hermosos colores y gran dise\u00f1o para el toque de elegancia en tu espacio. PROMOCION \u2b07\ufe0f Papelera de ba\u00f1o con pedal PRECIO 16.50 EUROS Ll\u00e9valo a 8.25 con el c\u00f3digo promocional \u2b07\ufe0f Papelera met\u00e1lica redonda con dise\u00f1o de ramas y p\u00e1jaros, de color blanco tapa color plateado. Dise\u00f1o [&hellip;]","og_url":"https:\/\/www.merkachina.com\/index.php\/papeleras-bano\/","og_site_name":"Bazar chino merkachina","article_modified_time":"2020-06-10T06:21:57+00:00","og_image":[{"url":"https:\/\/www.merkachina.com\/wp-content\/uploads\/2020\/06\/Papelera-de-ba\u00f1o.jpg"}],"twitter_card":"summary_large_image","twitter_misc":{"Tiempo de lectura":"1 minuto"},"schema":{"@context":"https:\/\/schema.org","@graph":[{"@type":"WebPage","@id":"https:\/\/www.merkachina.com\/index.php\/papeleras-bano\/","url":"https:\/\/www.merkachina.com\/index.php\/papeleras-bano\/","name":"Papeleras ba\u00f1o - Bazar chino merkachina","isPartOf":{"@id":"https:\/\/www.merkachina.com\/#website"},"datePublished":"2020-06-07T22:21:17+00:00","dateModified":"2020-06-10T06:21:57+00:00","breadcrumb":{"@id":"https:\/\/www.merkachina.com\/index.php\/papeleras-bano\/#breadcrumb"},"inLanguage":"es","potentialAction":[{"@type":"ReadAction","target":["https:\/\/www.merkachina.com\/index.php\/papeleras-bano\/"]}]},{"@type":"BreadcrumbList","@id":"https:\/\/www.merkachina.com\/index.php\/papeleras-bano\/#breadcrumb","itemListElement":[{"@type":"ListItem","position":1,"name":"Portada","item":"https:\/\/www.merkachina.com\/"},{"@type":"ListItem","position":2,"name":"Papeleras ba\u00f1o"}]},{"@type":"WebSite","@id":"https:\/\/www.merkachina.com\/#website","url":"https:\/\/www.merkachina.com\/","name":"Bazar chino merkachina","description":"donostia San sebastian","publisher":{"@id":"https:\/\/www.merkachina.com\/#organization"},"potentialAction":[{"@type":"SearchAction","target":{"@type":"EntryPoint","urlTemplate":"https:\/\/www.merkachina.com\/?s={search_term_string}"},"query-input":{"@type":"PropertyValueSpecification","valueRequired":true,"valueName":"search_term_string"}}],"inLanguage":"es"},{"@type":"Organization","@id":"https:\/\/www.merkachina.com\/#organization","name":"Bazar chino merkachina","url":"https:\/\/www.merkachina.com\/","logo":{"@type":"ImageObject","inLanguage":"es","@id":"https:\/\/www.merkachina.com\/#\/schema\/logo\/image\/","url":"https:\/\/www.merkachina.com\/wp-content\/uploads\/2020\/03\/cropped-Screenshot_20200306-223730_Video-Player-e1583532922646.jpg","contentUrl":"https:\/\/www.merkachina.com\/wp-content\/uploads\/2020\/03\/cropped-Screenshot_20200306-223730_Video-Player-e1583532922646.jpg","width":512,"height":170,"caption":"Bazar chino merkachina"},"image":{"@id":"https:\/\/www.merkachina.com\/#\/schema\/logo\/image\/"}}]}},"_links":{"self":[{"href":"https:\/\/www.merkachina.com\/index.php\/wp-json\/wp\/v2\/pages\/672"}],"collection":[{"href":"https:\/\/www.merkachina.com\/index.php\/wp-json\/wp\/v2\/pages"}],"about":[{"href":"https:\/\/www.merkachina.com\/index.php\/wp-json\/wp\/v2\/types\/page"}],"author":[{"embeddable":true,"href":"https:\/\/www.merkachina.com\/index.php\/wp-json\/wp\/v2\/users\/1"}],"replies":[{"embeddable":true,"href":"https:\/\/www.merkachina.com\/index.php\/wp-json\/wp\/v2\/comments?post=672"}],"version-history":[{"count":8,"href":"https:\/\/www.merkachina.com\/index.php\/wp-json\/wp\/v2\/pages\/672\/revisions"}],"predecessor-version":[{"id":687,"href":"https:\/\/www.merkachina.com\/index.php\/wp-json\/wp\/v2\/pages\/672\/revisions\/687"}],"wp:attachment":[{"href":"https:\/\/www.merkachina.com\/index.php\/wp-json\/wp\/v2\/media?parent=672"}],"curies":[{"name":"wp","href":"https:\/\/api.w.org\/{rel}","templated":true}]}}