{"id":9405,"date":"2023-09-21T18:23:59","date_gmt":"2023-09-21T18:23:59","guid":{"rendered":"https:\/\/www.merkachina.com\/?page_id=9405"},"modified":"2023-09-21T18:30:06","modified_gmt":"2023-09-21T18:30:06","slug":"cp1","status":"publish","type":"page","link":"https:\/\/www.merkachina.com\/index.php\/cp1\/","title":{"rendered":""},"content":{"rendered":"<h1 class=\"has-text-align-center wp-block-heading\"><strong>BONO DE DESCUENTO<\/strong><\/h1><figure class=\"wp-block-image aligncenter size-full\"><img loading=\"lazy\" decoding=\"async\" width=\"900\" height=\"600\" src=\"https:\/\/www.merkachina.com\/wp-content\/uploads\/2023\/09\/png_20230921_201403_0000.png\" alt=\"\" class=\"wp-image-9406\" srcset=\"https:\/\/www.merkachina.com\/wp-content\/uploads\/2023\/09\/png_20230921_201403_0000.png 900w, https:\/\/www.merkachina.com\/wp-content\/uploads\/2023\/09\/png_20230921_201403_0000-300x200.png 300w, https:\/\/www.merkachina.com\/wp-content\/uploads\/2023\/09\/png_20230921_201403_0000-768x512.png 768w, https:\/\/www.merkachina.com\/wp-content\/uploads\/2023\/09\/png_20230921_201403_0000-600x400.png 600w, https:\/\/www.merkachina.com\/wp-content\/uploads\/2023\/09\/png_20230921_201403_0000-64x43.png 64w\" sizes=\"(max-width: 900px) 100vw, 900px\" \/><\/figure><p class=\"has-text-align-center\">GUARDA Y ENSE\u00d1A ESTA IMAGEN Y OBT\u00c9N UN DESCUENTO DEL 10% EN TU COMPRA DE PRODUCTOS DE LA CATEGOR\u00cdA DE HALLOWEEN.<\/p><p><\/p><p class=\"has-text-align-center\">Esta es nuestra <strong>ubicaci\u00f3n<\/strong> para que llegues con mayor facilidad <\/p><p style=\"text-align: center;\"><iframe loading=\"lazy\" style=\"border: 0;\" src=\"https:\/\/www.google.com\/maps\/embed?pb=!1m18!1m12!1m3!1d431.5164566428441!2d-1.9414012175983364!3d43.31666398557195!2m3!1f0!2f0!3f0!3m2!1i1024!2i768!4f13.1!3m3!1m2!1s0xd51a5865d35a4a5%3A0xe6188669ee084c31!2sMerka%20China!5e0!3m2!1ses!2ses!4v1695114559381!5m2!1ses!2ses\" width=\"400\" height=\"300\" allowfullscreen=\"allowfullscreen\"><\/iframe><\/p><p><\/p><p><\/p><p>CONDICIONES<\/p><ul class=\"wp-block-list\"><li>Solo aplica para productos de la categor\u00eda de Halloween<\/li><li>no aplicable con tarjeta vip de merkachina<\/li><li>aplica hasta el d\u00eda 29 de octubre  <\/li><li>aplica para compras iguales o mayores de 20 euros<\/li><\/ul>","protected":false},"excerpt":{"rendered":"<p>BONO DE DESCUENTO GUARDA Y ENSE\u00d1A ESTA IMAGEN Y OBT\u00c9N UN DESCUENTO DEL 10% EN TU COMPRA DE PRODUCTOS DE LA CATEGOR\u00cdA DE HALLOWEEN. Esta es nuestra ubicaci\u00f3n para que llegues con mayor facilidad CONDICIONES Solo aplica para productos de la categor\u00eda de Halloween no aplicable con tarjeta vip de merkachina aplica hasta el d\u00eda [&hellip;]<\/p>\n","protected":false},"author":1,"featured_media":0,"parent":0,"menu_order":0,"comment_status":"closed","ping_status":"closed","template":"","meta":{"site-sidebar-layout":"default","site-content-layout":"","ast-site-content-layout":"default","site-content-style":"default","site-sidebar-style":"default","ast-global-header-display":"","ast-banner-title-visibility":"","ast-main-header-display":"","ast-hfb-above-header-display":"","ast-hfb-below-header-display":"","ast-hfb-mobile-header-display":"","site-post-title":"","ast-breadcrumbs-content":"","ast-featured-img":"","footer-sml-layout":"","theme-transparent-header-meta":"","adv-header-id-meta":"","stick-header-meta":"","header-above-stick-meta":"","header-main-stick-meta":"","header-below-stick-meta":"","astra-migrate-meta-layouts":"set","ast-page-background-enabled":"default","ast-page-background-meta":{"desktop":{"background-color":"var(--ast-global-color-4)","background-image":"","background-repeat":"repeat","background-position":"center center","background-size":"auto","background-attachment":"scroll","background-type":"","background-media":"","overlay-type":"","overlay-color":"","overlay-opacity":"","overlay-gradient":""},"tablet":{"background-color":"","background-image":"","background-repeat":"repeat","background-position":"center center","background-size":"auto","background-attachment":"scroll","background-type":"","background-media":"","overlay-type":"","overlay-color":"","overlay-opacity":"","overlay-gradient":""},"mobile":{"background-color":"","background-image":"","background-repeat":"repeat","background-position":"center center","background-size":"auto","background-attachment":"scroll","background-type":"","background-media":"","overlay-type":"","overlay-color":"","overlay-opacity":"","overlay-gradient":""}},"ast-content-background-meta":{"desktop":{"background-color":"var(--ast-global-color-5)","background-image":"","background-repeat":"repeat","background-position":"center center","background-size":"auto","background-attachment":"scroll","background-type":"","background-media":"","overlay-type":"","overlay-color":"","overlay-opacity":"","overlay-gradient":""},"tablet":{"background-color":"var(--ast-global-color-5)","background-image":"","background-repeat":"repeat","background-position":"center center","background-size":"auto","background-attachment":"scroll","background-type":"","background-media":"","overlay-type":"","overlay-color":"","overlay-opacity":"","overlay-gradient":""},"mobile":{"background-color":"var(--ast-global-color-5)","background-image":"","background-repeat":"repeat","background-position":"center center","background-size":"auto","background-attachment":"scroll","background-type":"","background-media":"","overlay-type":"","overlay-color":"","overlay-opacity":"","overlay-gradient":""}},"footnotes":""},"class_list":["post-9405","page","type-page","status-publish","hentry"],"yoast_head":"<!-- This site is optimized with the Yoast SEO plugin v23.4 - https:\/\/yoast.com\/wordpress\/plugins\/seo\/ -->\n<title>- Bazar chino merkachina<\/title>\n<meta name=\"robots\" content=\"noindex, nofollow\" \/>\n<meta property=\"og:locale\" content=\"es_ES\" \/>\n<meta property=\"og:type\" content=\"article\" \/>\n<meta property=\"og:title\" content=\"- Bazar chino merkachina\" \/>\n<meta property=\"og:description\" content=\"BONO DE DESCUENTO GUARDA Y ENSE\u00d1A ESTA IMAGEN Y OBT\u00c9N UN DESCUENTO DEL 10% EN TU COMPRA DE PRODUCTOS DE LA CATEGOR\u00cdA DE HALLOWEEN. Esta es nuestra ubicaci\u00f3n para que llegues con mayor facilidad CONDICIONES Solo aplica para productos de la categor\u00eda de Halloween no aplicable con tarjeta vip de merkachina aplica hasta el d\u00eda [&hellip;]\" \/>\n<meta property=\"og:url\" content=\"https:\/\/www.merkachina.com\/index.php\/cp1\/\" \/>\n<meta property=\"og:site_name\" content=\"Bazar chino merkachina\" \/>\n<meta property=\"article:modified_time\" content=\"2023-09-21T18:30:06+00:00\" \/>\n<meta property=\"og:image\" content=\"https:\/\/www.merkachina.com\/wp-content\/uploads\/2023\/09\/png_20230921_201403_0000.png\" \/>\n<meta name=\"twitter:card\" content=\"summary_large_image\" \/>\n<meta name=\"twitter:label1\" content=\"Tiempo de lectura\" \/>\n\t<meta name=\"twitter:data1\" content=\"1 minuto\" \/>\n<script type=\"application\/ld+json\" class=\"yoast-schema-graph\">{\"@context\":\"https:\/\/schema.org\",\"@graph\":[{\"@type\":\"WebPage\",\"@id\":\"https:\/\/www.merkachina.com\/index.php\/cp1\/\",\"url\":\"https:\/\/www.merkachina.com\/index.php\/cp1\/\",\"name\":\"- Bazar chino merkachina\",\"isPartOf\":{\"@id\":\"https:\/\/www.merkachina.com\/#website\"},\"primaryImageOfPage\":{\"@id\":\"https:\/\/www.merkachina.com\/index.php\/cp1\/#primaryimage\"},\"image\":{\"@id\":\"https:\/\/www.merkachina.com\/index.php\/cp1\/#primaryimage\"},\"thumbnailUrl\":\"https:\/\/www.merkachina.com\/wp-content\/uploads\/2023\/09\/png_20230921_201403_0000.png\",\"datePublished\":\"2023-09-21T18:23:59+00:00\",\"dateModified\":\"2023-09-21T18:30:06+00:00\",\"inLanguage\":\"es\",\"potentialAction\":[{\"@type\":\"ReadAction\",\"target\":[\"https:\/\/www.merkachina.com\/index.php\/cp1\/\"]}]},{\"@type\":\"ImageObject\",\"inLanguage\":\"es\",\"@id\":\"https:\/\/www.merkachina.com\/index.php\/cp1\/#primaryimage\",\"url\":\"https:\/\/www.merkachina.com\/wp-content\/uploads\/2023\/09\/png_20230921_201403_0000.png\",\"contentUrl\":\"https:\/\/www.merkachina.com\/wp-content\/uploads\/2023\/09\/png_20230921_201403_0000.png\",\"width\":900,\"height\":600},{\"@type\":\"WebSite\",\"@id\":\"https:\/\/www.merkachina.com\/#website\",\"url\":\"https:\/\/www.merkachina.com\/\",\"name\":\"Bazar chino merkachina\",\"description\":\"donostia San sebastian\",\"publisher\":{\"@id\":\"https:\/\/www.merkachina.com\/#organization\"},\"potentialAction\":[{\"@type\":\"SearchAction\",\"target\":{\"@type\":\"EntryPoint\",\"urlTemplate\":\"https:\/\/www.merkachina.com\/?s={search_term_string}\"},\"query-input\":{\"@type\":\"PropertyValueSpecification\",\"valueRequired\":true,\"valueName\":\"search_term_string\"}}],\"inLanguage\":\"es\"},{\"@type\":\"Organization\",\"@id\":\"https:\/\/www.merkachina.com\/#organization\",\"name\":\"Bazar chino merkachina\",\"url\":\"https:\/\/www.merkachina.com\/\",\"logo\":{\"@type\":\"ImageObject\",\"inLanguage\":\"es\",\"@id\":\"https:\/\/www.merkachina.com\/#\/schema\/logo\/image\/\",\"url\":\"https:\/\/www.merkachina.com\/wp-content\/uploads\/2020\/03\/cropped-Screenshot_20200306-223730_Video-Player-e1583532922646.jpg\",\"contentUrl\":\"https:\/\/www.merkachina.com\/wp-content\/uploads\/2020\/03\/cropped-Screenshot_20200306-223730_Video-Player-e1583532922646.jpg\",\"width\":512,\"height\":170,\"caption\":\"Bazar chino merkachina\"},\"image\":{\"@id\":\"https:\/\/www.merkachina.com\/#\/schema\/logo\/image\/\"}}]}<\/script>\n<!-- \/ Yoast SEO plugin. -->","yoast_head_json":{"title":"- Bazar chino merkachina","robots":{"index":"noindex","follow":"nofollow"},"og_locale":"es_ES","og_type":"article","og_title":"- Bazar chino merkachina","og_description":"BONO DE DESCUENTO GUARDA Y ENSE\u00d1A ESTA IMAGEN Y OBT\u00c9N UN DESCUENTO DEL 10% EN TU COMPRA DE PRODUCTOS DE LA CATEGOR\u00cdA DE HALLOWEEN. Esta es nuestra ubicaci\u00f3n para que llegues con mayor facilidad CONDICIONES Solo aplica para productos de la categor\u00eda de Halloween no aplicable con tarjeta vip de merkachina aplica hasta el d\u00eda [&hellip;]","og_url":"https:\/\/www.merkachina.com\/index.php\/cp1\/","og_site_name":"Bazar chino merkachina","article_modified_time":"2023-09-21T18:30:06+00:00","og_image":[{"url":"https:\/\/www.merkachina.com\/wp-content\/uploads\/2023\/09\/png_20230921_201403_0000.png"}],"twitter_card":"summary_large_image","twitter_misc":{"Tiempo de lectura":"1 minuto"},"schema":{"@context":"https:\/\/schema.org","@graph":[{"@type":"WebPage","@id":"https:\/\/www.merkachina.com\/index.php\/cp1\/","url":"https:\/\/www.merkachina.com\/index.php\/cp1\/","name":"- Bazar chino merkachina","isPartOf":{"@id":"https:\/\/www.merkachina.com\/#website"},"primaryImageOfPage":{"@id":"https:\/\/www.merkachina.com\/index.php\/cp1\/#primaryimage"},"image":{"@id":"https:\/\/www.merkachina.com\/index.php\/cp1\/#primaryimage"},"thumbnailUrl":"https:\/\/www.merkachina.com\/wp-content\/uploads\/2023\/09\/png_20230921_201403_0000.png","datePublished":"2023-09-21T18:23:59+00:00","dateModified":"2023-09-21T18:30:06+00:00","inLanguage":"es","potentialAction":[{"@type":"ReadAction","target":["https:\/\/www.merkachina.com\/index.php\/cp1\/"]}]},{"@type":"ImageObject","inLanguage":"es","@id":"https:\/\/www.merkachina.com\/index.php\/cp1\/#primaryimage","url":"https:\/\/www.merkachina.com\/wp-content\/uploads\/2023\/09\/png_20230921_201403_0000.png","contentUrl":"https:\/\/www.merkachina.com\/wp-content\/uploads\/2023\/09\/png_20230921_201403_0000.png","width":900,"height":600},{"@type":"WebSite","@id":"https:\/\/www.merkachina.com\/#website","url":"https:\/\/www.merkachina.com\/","name":"Bazar chino merkachina","description":"donostia San sebastian","publisher":{"@id":"https:\/\/www.merkachina.com\/#organization"},"potentialAction":[{"@type":"SearchAction","target":{"@type":"EntryPoint","urlTemplate":"https:\/\/www.merkachina.com\/?s={search_term_string}"},"query-input":{"@type":"PropertyValueSpecification","valueRequired":true,"valueName":"search_term_string"}}],"inLanguage":"es"},{"@type":"Organization","@id":"https:\/\/www.merkachina.com\/#organization","name":"Bazar chino merkachina","url":"https:\/\/www.merkachina.com\/","logo":{"@type":"ImageObject","inLanguage":"es","@id":"https:\/\/www.merkachina.com\/#\/schema\/logo\/image\/","url":"https:\/\/www.merkachina.com\/wp-content\/uploads\/2020\/03\/cropped-Screenshot_20200306-223730_Video-Player-e1583532922646.jpg","contentUrl":"https:\/\/www.merkachina.com\/wp-content\/uploads\/2020\/03\/cropped-Screenshot_20200306-223730_Video-Player-e1583532922646.jpg","width":512,"height":170,"caption":"Bazar chino merkachina"},"image":{"@id":"https:\/\/www.merkachina.com\/#\/schema\/logo\/image\/"}}]}},"_links":{"self":[{"href":"https:\/\/www.merkachina.com\/index.php\/wp-json\/wp\/v2\/pages\/9405"}],"collection":[{"href":"https:\/\/www.merkachina.com\/index.php\/wp-json\/wp\/v2\/pages"}],"about":[{"href":"https:\/\/www.merkachina.com\/index.php\/wp-json\/wp\/v2\/types\/page"}],"author":[{"embeddable":true,"href":"https:\/\/www.merkachina.com\/index.php\/wp-json\/wp\/v2\/users\/1"}],"replies":[{"embeddable":true,"href":"https:\/\/www.merkachina.com\/index.php\/wp-json\/wp\/v2\/comments?post=9405"}],"version-history":[{"count":2,"href":"https:\/\/www.merkachina.com\/index.php\/wp-json\/wp\/v2\/pages\/9405\/revisions"}],"predecessor-version":[{"id":9411,"href":"https:\/\/www.merkachina.com\/index.php\/wp-json\/wp\/v2\/pages\/9405\/revisions\/9411"}],"wp:attachment":[{"href":"https:\/\/www.merkachina.com\/index.php\/wp-json\/wp\/v2\/media?parent=9405"}],"curies":[{"name":"wp","href":"https:\/\/api.w.org\/{rel}","templated":true}]}}