{"id":6266,"date":"2022-10-19T11:32:14","date_gmt":"2022-10-19T11:32:14","guid":{"rendered":"https:\/\/www.merkachina.com\/?post_type=product&#038;p=6266"},"modified":"2022-10-19T11:42:21","modified_gmt":"2022-10-19T11:42:21","slug":"brocas-para-pared","status":"publish","type":"product","link":"https:\/\/www.merkachina.com\/index.php\/producto\/brocas-para-pared\/","title":{"rendered":"BROCAS PARA PARED"},"content":{"rendered":"<h1>BROCAS PARA PARED<\/h1>\n<p>\u00bfBusca un juego de brocas de pared fiable y duradero? Entonces no busque m\u00e1s. Tenemos justo lo que est\u00e1 buscando. Nuestro juego de brocas de pared viene en cinco tama\u00f1os diferentes para adaptarse a cualquier necesidad. Ya sea que est\u00e9 arreglando un agujero en la pared o simplemente quiera mejorar la apariencia de su casa, nuestro juego lo tiene cubierto. Adem\u00e1s, est\u00e1 fabricado con materiales de alta calidad, por lo que puede estar seguro de que durar\u00e1 muchos a\u00f1os. \u00bfA qu\u00e9 espera? Pida su juego hoy mismo y prep\u00e1rese para abordar su pr\u00f3ximo proyecto con facilidad.<\/p>\n<p>&nbsp;<\/p>\n<p><a href=\"https:\/\/www.merkachina.com\/index.php\/producto\/taladro-y-atornillador-16v\/\">Taladro el\u00e9ctrico<\/a><\/p>\n<p>Cb 104428<\/p>\n<p>Alm. Caja 104428<\/p>\n<p>&nbsp;<\/p>\n","protected":false},"excerpt":{"rendered":"<p>BROCAS PARA PARED \u00bfBusca un juego de brocas de pared fiable y duradero? Entonces no busque m\u00e1s. Tenemos justo lo que est\u00e1 buscando. Nuestro juego de brocas de pared viene en cinco tama\u00f1os diferentes para adaptarse a cualquier necesidad. Ya sea que est\u00e9 arreglando un agujero en la pared o simplemente quiera mejorar la apariencia [&hellip;]<\/p>\n","protected":false},"featured_media":6267,"comment_status":"open","ping_status":"closed","template":"","meta":{"site-sidebar-layout":"default","site-content-layout":"default","ast-site-content-layout":"","site-content-style":"default","site-sidebar-style":"default","ast-global-header-display":"","ast-banner-title-visibility":"","ast-main-header-display":"","ast-hfb-above-header-display":"","ast-hfb-below-header-display":"","ast-hfb-mobile-header-display":"","site-post-title":"","ast-breadcrumbs-content":"","ast-featured-img":"","footer-sml-layout":"","theme-transparent-header-meta":"default","adv-header-id-meta":"","stick-header-meta":"","header-above-stick-meta":"","header-main-stick-meta":"","header-below-stick-meta":"","astra-migrate-meta-layouts":"default","ast-page-background-enabled":"default","ast-page-background-meta":{"desktop":{"background-color":"var(--ast-global-color-4)","background-image":"","background-repeat":"repeat","background-position":"center center","background-size":"auto","background-attachment":"scroll","background-type":"","background-media":"","overlay-type":"","overlay-color":"","overlay-opacity":"","overlay-gradient":""},"tablet":{"background-color":"","background-image":"","background-repeat":"repeat","background-position":"center center","background-size":"auto","background-attachment":"scroll","background-type":"","background-media":"","overlay-type":"","overlay-color":"","overlay-opacity":"","overlay-gradient":""},"mobile":{"background-color":"","background-image":"","background-repeat":"repeat","background-position":"center center","background-size":"auto","background-attachment":"scroll","background-type":"","background-media":"","overlay-type":"","overlay-color":"","overlay-opacity":"","overlay-gradient":""}},"ast-content-background-meta":{"desktop":{"background-color":"var(--ast-global-color-5)","background-image":"","background-repeat":"repeat","background-position":"center center","background-size":"auto","background-attachment":"scroll","background-type":"","background-media":"","overlay-type":"","overlay-color":"","overlay-opacity":"","overlay-gradient":""},"tablet":{"background-color":"var(--ast-global-color-5)","background-image":"","background-repeat":"repeat","background-position":"center center","background-size":"auto","background-attachment":"scroll","background-type":"","background-media":"","overlay-type":"","overlay-color":"","overlay-opacity":"","overlay-gradient":""},"mobile":{"background-color":"var(--ast-global-color-5)","background-image":"","background-repeat":"repeat","background-position":"center center","background-size":"auto","background-attachment":"scroll","background-type":"","background-media":"","overlay-type":"","overlay-color":"","overlay-opacity":"","overlay-gradient":""}}},"product_cat":[41],"product_tag":[],"class_list":{"0":"post-6266","1":"product","2":"type-product","3":"status-publish","4":"has-post-thumbnail","6":"product_cat-herramientas","7":"desktop-align-left","8":"tablet-align-left","9":"mobile-align-left","11":"first","12":"instock","13":"taxable","14":"shipping-taxable","15":"product-type-simple"},"yoast_head":"<!-- This site is optimized with the Yoast SEO plugin v23.4 - https:\/\/yoast.com\/wordpress\/plugins\/seo\/ -->\n<title>BROCAS PARA PARED - Bazar chino merkachina HORMIG\u00d3N<\/title>\n<meta name=\"description\" content=\"Juego de brocas para pared de hormig\u00f3n de diferente largo, 4mm, 5mm, 6mm, 8mm, 10mm. Fiable y duradero para todo tipo de trabajo\" \/>\n<meta name=\"robots\" content=\"index, follow, max-snippet:-1, max-image-preview:large, max-video-preview:-1\" \/>\n<link rel=\"canonical\" href=\"https:\/\/www.merkachina.com\/index.php\/producto\/brocas-para-pared\/\" \/>\n<meta property=\"og:locale\" content=\"es_ES\" \/>\n<meta property=\"og:type\" content=\"article\" \/>\n<meta property=\"og:title\" content=\"BROCAS PARA PARED - Bazar chino merkachina HORMIG\u00d3N\" \/>\n<meta property=\"og:description\" content=\"Juego de brocas para pared de hormig\u00f3n de diferente largo, 4mm, 5mm, 6mm, 8mm, 10mm. Fiable y duradero para todo tipo de trabajo\" \/>\n<meta property=\"og:url\" content=\"https:\/\/www.merkachina.com\/index.php\/producto\/brocas-para-pared\/\" \/>\n<meta property=\"og:site_name\" content=\"Bazar chino merkachina\" \/>\n<meta property=\"article:modified_time\" content=\"2022-10-19T11:42:21+00:00\" \/>\n<meta property=\"og:image\" content=\"https:\/\/www.merkachina.com\/wp-content\/uploads\/2022\/10\/juego-brocas-pared-4mm-5mm-6mm-8mm-10mm.jpg\" \/>\n\t<meta property=\"og:image:width\" content=\"1500\" \/>\n\t<meta property=\"og:image:height\" content=\"1500\" \/>\n\t<meta property=\"og:image:type\" content=\"image\/jpeg\" \/>\n<meta name=\"twitter:card\" content=\"summary_large_image\" \/>\n<meta name=\"twitter:label1\" content=\"Tiempo de lectura\" \/>\n\t<meta name=\"twitter:data1\" content=\"1 minuto\" \/>\n<script type=\"application\/ld+json\" class=\"yoast-schema-graph\">{\"@context\":\"https:\/\/schema.org\",\"@graph\":[{\"@type\":\"WebPage\",\"@id\":\"https:\/\/www.merkachina.com\/index.php\/producto\/brocas-para-pared\/\",\"url\":\"https:\/\/www.merkachina.com\/index.php\/producto\/brocas-para-pared\/\",\"name\":\"BROCAS PARA PARED - Bazar chino merkachina HORMIG\u00d3N\",\"isPartOf\":{\"@id\":\"https:\/\/www.merkachina.com\/#website\"},\"primaryImageOfPage\":{\"@id\":\"https:\/\/www.merkachina.com\/index.php\/producto\/brocas-para-pared\/#primaryimage\"},\"image\":{\"@id\":\"https:\/\/www.merkachina.com\/index.php\/producto\/brocas-para-pared\/#primaryimage\"},\"thumbnailUrl\":\"https:\/\/www.merkachina.com\/wp-content\/uploads\/2022\/10\/juego-brocas-pared-4mm-5mm-6mm-8mm-10mm.jpg\",\"datePublished\":\"2022-10-19T11:32:14+00:00\",\"dateModified\":\"2022-10-19T11:42:21+00:00\",\"description\":\"Juego de brocas para pared de hormig\u00f3n de diferente largo, 4mm, 5mm, 6mm, 8mm, 10mm. Fiable y duradero para todo tipo de trabajo\",\"breadcrumb\":{\"@id\":\"https:\/\/www.merkachina.com\/index.php\/producto\/brocas-para-pared\/#breadcrumb\"},\"inLanguage\":\"es\",\"potentialAction\":[{\"@type\":\"ReadAction\",\"target\":[\"https:\/\/www.merkachina.com\/index.php\/producto\/brocas-para-pared\/\"]}]},{\"@type\":\"ImageObject\",\"inLanguage\":\"es\",\"@id\":\"https:\/\/www.merkachina.com\/index.php\/producto\/brocas-para-pared\/#primaryimage\",\"url\":\"https:\/\/www.merkachina.com\/wp-content\/uploads\/2022\/10\/juego-brocas-pared-4mm-5mm-6mm-8mm-10mm.jpg\",\"contentUrl\":\"https:\/\/www.merkachina.com\/wp-content\/uploads\/2022\/10\/juego-brocas-pared-4mm-5mm-6mm-8mm-10mm.jpg\",\"width\":1500,\"height\":1500,\"caption\":\"Juego de brocas para pared con cinco medidas de 4mm,5mm,6mm,8mm,10mm\"},{\"@type\":\"BreadcrumbList\",\"@id\":\"https:\/\/www.merkachina.com\/index.php\/producto\/brocas-para-pared\/#breadcrumb\",\"itemListElement\":[{\"@type\":\"ListItem\",\"position\":1,\"name\":\"Portada\",\"item\":\"https:\/\/www.merkachina.com\/\"},{\"@type\":\"ListItem\",\"position\":2,\"name\":\"Privado: Tienda\",\"item\":\"https:\/\/www.merkachina.com\/?page_id=42\"},{\"@type\":\"ListItem\",\"position\":3,\"name\":\"BROCAS PARA PARED\"}]},{\"@type\":\"WebSite\",\"@id\":\"https:\/\/www.merkachina.com\/#website\",\"url\":\"https:\/\/www.merkachina.com\/\",\"name\":\"Bazar chino merkachina\",\"description\":\"donostia San sebastian\",\"publisher\":{\"@id\":\"https:\/\/www.merkachina.com\/#organization\"},\"potentialAction\":[{\"@type\":\"SearchAction\",\"target\":{\"@type\":\"EntryPoint\",\"urlTemplate\":\"https:\/\/www.merkachina.com\/?s={search_term_string}\"},\"query-input\":{\"@type\":\"PropertyValueSpecification\",\"valueRequired\":true,\"valueName\":\"search_term_string\"}}],\"inLanguage\":\"es\"},{\"@type\":\"Organization\",\"@id\":\"https:\/\/www.merkachina.com\/#organization\",\"name\":\"Bazar chino merkachina\",\"url\":\"https:\/\/www.merkachina.com\/\",\"logo\":{\"@type\":\"ImageObject\",\"inLanguage\":\"es\",\"@id\":\"https:\/\/www.merkachina.com\/#\/schema\/logo\/image\/\",\"url\":\"https:\/\/www.merkachina.com\/wp-content\/uploads\/2020\/03\/cropped-Screenshot_20200306-223730_Video-Player-e1583532922646.jpg\",\"contentUrl\":\"https:\/\/www.merkachina.com\/wp-content\/uploads\/2020\/03\/cropped-Screenshot_20200306-223730_Video-Player-e1583532922646.jpg\",\"width\":512,\"height\":170,\"caption\":\"Bazar chino merkachina\"},\"image\":{\"@id\":\"https:\/\/www.merkachina.com\/#\/schema\/logo\/image\/\"}}]}<\/script>\n<!-- \/ Yoast SEO plugin. -->","yoast_head_json":{"title":"BROCAS PARA PARED - Bazar chino merkachina HORMIG\u00d3N","description":"Juego de brocas para pared de hormig\u00f3n de diferente largo, 4mm, 5mm, 6mm, 8mm, 10mm. Fiable y duradero para todo tipo de trabajo","robots":{"index":"index","follow":"follow","max-snippet":"max-snippet:-1","max-image-preview":"max-image-preview:large","max-video-preview":"max-video-preview:-1"},"canonical":"https:\/\/www.merkachina.com\/index.php\/producto\/brocas-para-pared\/","og_locale":"es_ES","og_type":"article","og_title":"BROCAS PARA PARED - Bazar chino merkachina HORMIG\u00d3N","og_description":"Juego de brocas para pared de hormig\u00f3n de diferente largo, 4mm, 5mm, 6mm, 8mm, 10mm. Fiable y duradero para todo tipo de trabajo","og_url":"https:\/\/www.merkachina.com\/index.php\/producto\/brocas-para-pared\/","og_site_name":"Bazar chino merkachina","article_modified_time":"2022-10-19T11:42:21+00:00","og_image":[{"width":1500,"height":1500,"url":"https:\/\/www.merkachina.com\/wp-content\/uploads\/2022\/10\/juego-brocas-pared-4mm-5mm-6mm-8mm-10mm.jpg","type":"image\/jpeg"}],"twitter_card":"summary_large_image","twitter_misc":{"Tiempo de lectura":"1 minuto"},"schema":{"@context":"https:\/\/schema.org","@graph":[{"@type":"WebPage","@id":"https:\/\/www.merkachina.com\/index.php\/producto\/brocas-para-pared\/","url":"https:\/\/www.merkachina.com\/index.php\/producto\/brocas-para-pared\/","name":"BROCAS PARA PARED - Bazar chino merkachina HORMIG\u00d3N","isPartOf":{"@id":"https:\/\/www.merkachina.com\/#website"},"primaryImageOfPage":{"@id":"https:\/\/www.merkachina.com\/index.php\/producto\/brocas-para-pared\/#primaryimage"},"image":{"@id":"https:\/\/www.merkachina.com\/index.php\/producto\/brocas-para-pared\/#primaryimage"},"thumbnailUrl":"https:\/\/www.merkachina.com\/wp-content\/uploads\/2022\/10\/juego-brocas-pared-4mm-5mm-6mm-8mm-10mm.jpg","datePublished":"2022-10-19T11:32:14+00:00","dateModified":"2022-10-19T11:42:21+00:00","description":"Juego de brocas para pared de hormig\u00f3n de diferente largo, 4mm, 5mm, 6mm, 8mm, 10mm. Fiable y duradero para todo tipo de trabajo","breadcrumb":{"@id":"https:\/\/www.merkachina.com\/index.php\/producto\/brocas-para-pared\/#breadcrumb"},"inLanguage":"es","potentialAction":[{"@type":"ReadAction","target":["https:\/\/www.merkachina.com\/index.php\/producto\/brocas-para-pared\/"]}]},{"@type":"ImageObject","inLanguage":"es","@id":"https:\/\/www.merkachina.com\/index.php\/producto\/brocas-para-pared\/#primaryimage","url":"https:\/\/www.merkachina.com\/wp-content\/uploads\/2022\/10\/juego-brocas-pared-4mm-5mm-6mm-8mm-10mm.jpg","contentUrl":"https:\/\/www.merkachina.com\/wp-content\/uploads\/2022\/10\/juego-brocas-pared-4mm-5mm-6mm-8mm-10mm.jpg","width":1500,"height":1500,"caption":"Juego de brocas para pared con cinco medidas de 4mm,5mm,6mm,8mm,10mm"},{"@type":"BreadcrumbList","@id":"https:\/\/www.merkachina.com\/index.php\/producto\/brocas-para-pared\/#breadcrumb","itemListElement":[{"@type":"ListItem","position":1,"name":"Portada","item":"https:\/\/www.merkachina.com\/"},{"@type":"ListItem","position":2,"name":"Privado: Tienda","item":"https:\/\/www.merkachina.com\/?page_id=42"},{"@type":"ListItem","position":3,"name":"BROCAS PARA PARED"}]},{"@type":"WebSite","@id":"https:\/\/www.merkachina.com\/#website","url":"https:\/\/www.merkachina.com\/","name":"Bazar chino merkachina","description":"donostia San sebastian","publisher":{"@id":"https:\/\/www.merkachina.com\/#organization"},"potentialAction":[{"@type":"SearchAction","target":{"@type":"EntryPoint","urlTemplate":"https:\/\/www.merkachina.com\/?s={search_term_string}"},"query-input":{"@type":"PropertyValueSpecification","valueRequired":true,"valueName":"search_term_string"}}],"inLanguage":"es"},{"@type":"Organization","@id":"https:\/\/www.merkachina.com\/#organization","name":"Bazar chino merkachina","url":"https:\/\/www.merkachina.com\/","logo":{"@type":"ImageObject","inLanguage":"es","@id":"https:\/\/www.merkachina.com\/#\/schema\/logo\/image\/","url":"https:\/\/www.merkachina.com\/wp-content\/uploads\/2020\/03\/cropped-Screenshot_20200306-223730_Video-Player-e1583532922646.jpg","contentUrl":"https:\/\/www.merkachina.com\/wp-content\/uploads\/2020\/03\/cropped-Screenshot_20200306-223730_Video-Player-e1583532922646.jpg","width":512,"height":170,"caption":"Bazar chino merkachina"},"image":{"@id":"https:\/\/www.merkachina.com\/#\/schema\/logo\/image\/"}}]}},"_links":{"self":[{"href":"https:\/\/www.merkachina.com\/index.php\/wp-json\/wp\/v2\/product\/6266"}],"collection":[{"href":"https:\/\/www.merkachina.com\/index.php\/wp-json\/wp\/v2\/product"}],"about":[{"href":"https:\/\/www.merkachina.com\/index.php\/wp-json\/wp\/v2\/types\/product"}],"replies":[{"embeddable":true,"href":"https:\/\/www.merkachina.com\/index.php\/wp-json\/wp\/v2\/comments?post=6266"}],"wp:featuredmedia":[{"embeddable":true,"href":"https:\/\/www.merkachina.com\/index.php\/wp-json\/wp\/v2\/media\/6267"}],"wp:attachment":[{"href":"https:\/\/www.merkachina.com\/index.php\/wp-json\/wp\/v2\/media?parent=6266"}],"wp:term":[{"taxonomy":"product_cat","embeddable":true,"href":"https:\/\/www.merkachina.com\/index.php\/wp-json\/wp\/v2\/product_cat?post=6266"},{"taxonomy":"product_tag","embeddable":true,"href":"https:\/\/www.merkachina.com\/index.php\/wp-json\/wp\/v2\/product_tag?post=6266"}],"curies":[{"name":"wp","href":"https:\/\/api.w.org\/{rel}","templated":true}]}}